{"id":1347,"date":"2026-02-10T11:53:28","date_gmt":"2026-02-10T10:53:28","guid":{"rendered":"https:\/\/peterfygergely.com\/privacy-policy\/"},"modified":"2026-03-17T14:17:09","modified_gmt":"2026-03-17T13:17:09","slug":"privacy-policy","status":"publish","type":"page","link":"https:\/\/peterfygergely.com\/en\/privacy-policy\/","title":{"rendered":"Privacy Policy"},"content":{"rendered":"\n<h2 class=\"wp-block-heading\"><h2>Privacy and Policy<\/h2><\/h2>\n\n<p>My website processes any personal data in accordance with the provisions of Act CXII of 2011 on the Protection of Personal Data and the Disclosure of Data of Public Interest.<\/p>\n\n<p>I respect the protection of personal data and handle any such data provided to me in accordance with applicable laws. By providing me with your personal data, you consent to my recording and processing it for a specific purpose and for a limited period of time.<\/p>\n\n<p>I will use your personal data solely for the specified purpose; I will not combine it with databases from other sources, nor will I disclose it to third parties in any form, and I will make every reasonable effort to protect such data.<\/p>\n\n<p>You can also access the websites of other companies and organizations from my website. I am not responsible for the content, accuracy, or security of the information provided on those sites.<\/p>\n\n<h2 class=\"wp-block-heading\"><h2>Cookie policy<\/h2><\/h2>\n\n<p>When you use the internet, the websites you visit send cookies to your computer, where they are stored. These cookies make it possible to retrieve certain information about you and track your internet usage.<\/p>\n\n<p>I also use the above method to track traffic to my website; in the process, data sent by browsers (e.g., IP address, browser type, screen resolution, etc.) is automatically saved and stored in the Google Analytics database.<\/p>\n\n<p>Google also uses this information to evaluate the website. Google may disclose this information to third parties if required to do so by law or if such third parties process the information on Google\u2019s behalf.<\/p>\n\n<p>By using this website, you consent to the processing of your data in the manner and for the purposes described above.<\/p>\n","protected":false},"excerpt":{"rendered":"<p>Privacy and Policy My website processes any personal data in accordance with the provisions of Act CXII of 2011 on the Protection of Personal Data and the Disclosure of Data of Public Interest. I respect the protection of personal data and handle any such data provided to me in accordance with applicable laws. By providing [&hellip;]<\/p>\n","protected":false},"author":1,"featured_media":0,"parent":0,"menu_order":0,"comment_status":"closed","ping_status":"open","template":"","meta":{"_acf_changed":false,"footnotes":""},"class_list":["post-1347","page","type-page","status-publish","hentry"],"acf":[],"yoast_head":"<!-- This site is optimized with the Yoast SEO plugin v27.4 - https:\/\/yoast.com\/product\/yoast-seo-wordpress\/ -->\n<title>Privacy Policy - P\u00e9terfy Gergely \u00edr\u00f3<\/title>\n<meta name=\"description\" content=\"My website processes any personal data in accordance with the provisions of Act CXII of 2011 on the Protection of Personal Data and the Disclosure of Data of Public Interest.\" \/>\n<meta name=\"robots\" content=\"noindex, follow, max-snippet:-1, max-image-preview:large, max-video-preview:-1\" \/>\n<meta property=\"og:locale\" content=\"en_US\" \/>\n<meta property=\"og:type\" content=\"article\" \/>\n<meta property=\"og:title\" content=\"Privacy Policy - P\u00e9terfy Gergely \u00edr\u00f3\" \/>\n<meta property=\"og:description\" content=\"My website processes any personal data in accordance with the provisions of Act CXII of 2011 on the Protection of Personal Data and the Disclosure of Data of Public Interest.\" \/>\n<meta property=\"og:url\" content=\"https:\/\/peterfygergely.com\/en\/privacy-policy\/\" \/>\n<meta property=\"og:site_name\" content=\"P\u00e9terfy Gergely \u00edr\u00f3\" \/>\n<meta property=\"article:modified_time\" content=\"2026-03-17T13:17:09+00:00\" \/>\n<meta name=\"twitter:card\" content=\"summary_large_image\" \/>\n<meta name=\"twitter:label1\" content=\"Est. reading time\" \/>\n\t<meta name=\"twitter:data1\" content=\"1 minute\" \/>\n<script type=\"application\/ld+json\" class=\"yoast-schema-graph\">{\"@context\":\"https:\\\/\\\/schema.org\",\"@graph\":[{\"@type\":\"WebPage\",\"@id\":\"https:\\\/\\\/peterfygergely.com\\\/en\\\/privacy-policy\\\/\",\"url\":\"https:\\\/\\\/peterfygergely.com\\\/en\\\/privacy-policy\\\/\",\"name\":\"Privacy Policy - P\u00e9terfy Gergely \u00edr\u00f3\",\"isPartOf\":{\"@id\":\"https:\\\/\\\/peterfygergely.com\\\/en\\\/#website\"},\"datePublished\":\"2026-02-10T10:53:28+00:00\",\"dateModified\":\"2026-03-17T13:17:09+00:00\",\"description\":\"My website processes any personal data in accordance with the provisions of Act CXII of 2011 on the Protection of Personal Data and the Disclosure of Data of Public Interest.\",\"breadcrumb\":{\"@id\":\"https:\\\/\\\/peterfygergely.com\\\/en\\\/privacy-policy\\\/#breadcrumb\"},\"inLanguage\":\"en-US\",\"potentialAction\":[{\"@type\":\"ReadAction\",\"target\":[\"https:\\\/\\\/peterfygergely.com\\\/en\\\/privacy-policy\\\/\"]}]},{\"@type\":\"BreadcrumbList\",\"@id\":\"https:\\\/\\\/peterfygergely.com\\\/en\\\/privacy-policy\\\/#breadcrumb\",\"itemListElement\":[{\"@type\":\"ListItem\",\"position\":1,\"name\":\"Kezd\u0151lap\",\"item\":\"https:\\\/\\\/peterfygergely.com\\\/en\\\/\"},{\"@type\":\"ListItem\",\"position\":2,\"name\":\"Privacy Policy\"}]},{\"@type\":\"WebSite\",\"@id\":\"https:\\\/\\\/peterfygergely.com\\\/en\\\/#website\",\"url\":\"https:\\\/\\\/peterfygergely.com\\\/en\\\/\",\"name\":\"P\u00e9terfy Gergely \u00edr\u00f3\",\"description\":\"\",\"potentialAction\":[{\"@type\":\"SearchAction\",\"target\":{\"@type\":\"EntryPoint\",\"urlTemplate\":\"https:\\\/\\\/peterfygergely.com\\\/en\\\/?s={search_term_string}\"},\"query-input\":{\"@type\":\"PropertyValueSpecification\",\"valueRequired\":true,\"valueName\":\"search_term_string\"}}],\"inLanguage\":\"en-US\"}]}<\/script>\n<!-- \/ Yoast SEO plugin. -->","yoast_head_json":{"title":"Privacy Policy - P\u00e9terfy Gergely \u00edr\u00f3","description":"My website processes any personal data in accordance with the provisions of Act CXII of 2011 on the Protection of Personal Data and the Disclosure of Data of Public Interest.","robots":{"index":"noindex","follow":"follow","max-snippet":"max-snippet:-1","max-image-preview":"max-image-preview:large","max-video-preview":"max-video-preview:-1"},"og_locale":"en_US","og_type":"article","og_title":"Privacy Policy - P\u00e9terfy Gergely \u00edr\u00f3","og_description":"My website processes any personal data in accordance with the provisions of Act CXII of 2011 on the Protection of Personal Data and the Disclosure of Data of Public Interest.","og_url":"https:\/\/peterfygergely.com\/en\/privacy-policy\/","og_site_name":"P\u00e9terfy Gergely \u00edr\u00f3","article_modified_time":"2026-03-17T13:17:09+00:00","twitter_card":"summary_large_image","twitter_misc":{"Est. reading time":"1 minute"},"schema":{"@context":"https:\/\/schema.org","@graph":[{"@type":"WebPage","@id":"https:\/\/peterfygergely.com\/en\/privacy-policy\/","url":"https:\/\/peterfygergely.com\/en\/privacy-policy\/","name":"Privacy Policy - P\u00e9terfy Gergely \u00edr\u00f3","isPartOf":{"@id":"https:\/\/peterfygergely.com\/en\/#website"},"datePublished":"2026-02-10T10:53:28+00:00","dateModified":"2026-03-17T13:17:09+00:00","description":"My website processes any personal data in accordance with the provisions of Act CXII of 2011 on the Protection of Personal Data and the Disclosure of Data of Public Interest.","breadcrumb":{"@id":"https:\/\/peterfygergely.com\/en\/privacy-policy\/#breadcrumb"},"inLanguage":"en-US","potentialAction":[{"@type":"ReadAction","target":["https:\/\/peterfygergely.com\/en\/privacy-policy\/"]}]},{"@type":"BreadcrumbList","@id":"https:\/\/peterfygergely.com\/en\/privacy-policy\/#breadcrumb","itemListElement":[{"@type":"ListItem","position":1,"name":"Kezd\u0151lap","item":"https:\/\/peterfygergely.com\/en\/"},{"@type":"ListItem","position":2,"name":"Privacy Policy"}]},{"@type":"WebSite","@id":"https:\/\/peterfygergely.com\/en\/#website","url":"https:\/\/peterfygergely.com\/en\/","name":"P\u00e9terfy Gergely \u00edr\u00f3","description":"","potentialAction":[{"@type":"SearchAction","target":{"@type":"EntryPoint","urlTemplate":"https:\/\/peterfygergely.com\/en\/?s={search_term_string}"},"query-input":{"@type":"PropertyValueSpecification","valueRequired":true,"valueName":"search_term_string"}}],"inLanguage":"en-US"}]}},"_links":{"self":[{"href":"https:\/\/peterfygergely.com\/en\/wp-json\/wp\/v2\/pages\/1347","targetHints":{"allow":["GET"]}}],"collection":[{"href":"https:\/\/peterfygergely.com\/en\/wp-json\/wp\/v2\/pages"}],"about":[{"href":"https:\/\/peterfygergely.com\/en\/wp-json\/wp\/v2\/types\/page"}],"author":[{"embeddable":true,"href":"https:\/\/peterfygergely.com\/en\/wp-json\/wp\/v2\/users\/1"}],"replies":[{"embeddable":true,"href":"https:\/\/peterfygergely.com\/en\/wp-json\/wp\/v2\/comments?post=1347"}],"version-history":[{"count":1,"href":"https:\/\/peterfygergely.com\/en\/wp-json\/wp\/v2\/pages\/1347\/revisions"}],"predecessor-version":[{"id":1348,"href":"https:\/\/peterfygergely.com\/en\/wp-json\/wp\/v2\/pages\/1347\/revisions\/1348"}],"wp:attachment":[{"href":"https:\/\/peterfygergely.com\/en\/wp-json\/wp\/v2\/media?parent=1347"}],"curies":[{"name":"wp","href":"https:\/\/api.w.org\/{rel}","templated":true}]}}